{"id":16,"date":"2022-02-04T10:11:57","date_gmt":"2022-02-04T09:11:57","guid":{"rendered":"https:\/\/alexandrabeltra.fr\/?page_id=16"},"modified":"2025-01-14T15:52:56","modified_gmt":"2025-01-14T14:52:56","slug":"mes-ateliers","status":"publish","type":"page","link":"https:\/\/alexandrabeltra.fr\/index.php\/mes-ateliers\/","title":{"rendered":"Mes Stages"},"content":{"rendered":"\t\t<div data-elementor-type=\"wp-page\" data-elementor-id=\"16\" class=\"elementor elementor-16\" data-elementor-post-type=\"page\">\n\t\t\t\t\t\t<section class=\"elementor-section elementor-top-section elementor-element elementor-element-3ba9c48 elementor-section-full_width elementor-section-height-default elementor-section-height-default\" data-id=\"3ba9c48\" data-element_type=\"section\" data-settings=\"{&quot;background_background&quot;:&quot;gradient&quot;}\">\n\t\t\t\t\t\t<div class=\"elementor-container elementor-column-gap-no\">\n\t\t\t\t\t<div class=\"elementor-column elementor-col-100 elementor-top-column elementor-element elementor-element-29fe436b\" data-id=\"29fe436b\" data-element_type=\"column\">\n\t\t\t<div class=\"elementor-widget-wrap elementor-element-populated\">\n\t\t\t\t\t\t<div class=\"elementor-element elementor-element-2277fd7f elementor-widget elementor-widget-heading\" data-id=\"2277fd7f\" data-element_type=\"widget\" data-widget_type=\"heading.default\">\n\t\t\t\t<div class=\"elementor-widget-container\">\n\t\t\t\t\t<h1 class=\"elementor-heading-title elementor-size-default\">Mes Stages<\/h1>\t\t\t\t<\/div>\n\t\t\t\t<\/div>\n\t\t\t\t\t<\/div>\n\t\t<\/div>\n\t\t\t\t\t<\/div>\n\t\t<\/section>\n\t\t\t\t<section class=\"elementor-section elementor-top-section elementor-element elementor-element-8fcc3fc elementor-section-boxed elementor-section-height-default elementor-section-height-default\" data-id=\"8fcc3fc\" data-element_type=\"section\">\n\t\t\t\t\t\t<div class=\"elementor-container elementor-column-gap-default\">\n\t\t\t\t\t<div class=\"elementor-column elementor-col-33 elementor-top-column elementor-element elementor-element-b8bd21e\" data-id=\"b8bd21e\" data-element_type=\"column\">\n\t\t\t<div class=\"elementor-widget-wrap elementor-element-populated\">\n\t\t\t\t\t\t<div class=\"elementor-element elementor-element-fa6bd77 elementor-widget-mobile__width-inherit elementor-flip-box--effect-flip elementor-flip-box--direction-up elementor-widget elementor-widget-flip-box\" data-id=\"fa6bd77\" data-element_type=\"widget\" data-widget_type=\"flip-box.default\">\n\t\t\t\t<div class=\"elementor-widget-container\">\n\t\t\t\t\t\t\t<div class=\"elementor-flip-box\" tabindex=\"0\">\n\t\t\t<div class=\"elementor-flip-box__layer elementor-flip-box__front\">\n\t\t\t\t<div class=\"elementor-flip-box__layer__overlay\">\n\t\t\t\t\t<div class=\"elementor-flip-box__layer__inner\">\n\t\t\t\t\t\t\n\t\t\t\t\t\t\n\t\t\t\t\t\t\t\t\t\t\t<\/div>\n\t\t\t\t<\/div>\n\t\t\t<\/div>\n\t\t\t<div class=\"elementor-flip-box__layer elementor-flip-box__back\">\n\t\t\t<div class=\"elementor-flip-box__layer__overlay\">\n\t\t\t\t<div class=\"elementor-flip-box__layer__inner\">\n\t\t\t\t\t\t\t\t\t\t\t<h3 class=\"elementor-flip-box__layer__title\">\n\t\t\t\t\t\t\tNouvelles dates 2025\t\t\t\t\t\t<\/h3>\n\t\t\t\t\t\n\t\t\t\t\t\n\t\t\t\t\t\t\t\t<\/div>\n\t\t<\/div>\n\t\t<\/div>\n\t\t<\/div>\n\t\t\t\t\t\t<\/div>\n\t\t\t\t<\/div>\n\t\t\t\t\t<\/div>\n\t\t<\/div>\n\t\t\t\t<div class=\"elementor-column elementor-col-33 elementor-top-column elementor-element elementor-element-271664f\" data-id=\"271664f\" data-element_type=\"column\">\n\t\t\t<div class=\"elementor-widget-wrap\">\n\t\t\t\t\t\t\t<\/div>\n\t\t<\/div>\n\t\t\t\t<div class=\"elementor-column elementor-col-33 elementor-top-column elementor-element elementor-element-551f819\" data-id=\"551f819\" data-element_type=\"column\">\n\t\t\t<div class=\"elementor-widget-wrap elementor-element-populated\">\n\t\t\t\t\t\t<div class=\"elementor-element elementor-element-9cdb2f5 elementor-flip-box--effect-flip elementor-flip-box--direction-up elementor-widget elementor-widget-flip-box\" data-id=\"9cdb2f5\" data-element_type=\"widget\" data-widget_type=\"flip-box.default\">\n\t\t\t\t<div class=\"elementor-widget-container\">\n\t\t\t\t\t\t\t<div class=\"elementor-flip-box\" tabindex=\"0\">\n\t\t\t<div class=\"elementor-flip-box__layer elementor-flip-box__front\">\n\t\t\t\t<div class=\"elementor-flip-box__layer__overlay\">\n\t\t\t\t\t<div class=\"elementor-flip-box__layer__inner\">\n\t\t\t\t\t\t\n\t\t\t\t\t\t\n\t\t\t\t\t\t\t\t\t\t\t<\/div>\n\t\t\t\t<\/div>\n\t\t\t<\/div>\n\t\t\t<div class=\"elementor-flip-box__layer elementor-flip-box__back\">\n\t\t\t<div class=\"elementor-flip-box__layer__overlay\">\n\t\t\t\t<div class=\"elementor-flip-box__layer__inner\">\n\t\t\t\t\t\t\t\t\t\t\t<h3 class=\"elementor-flip-box__layer__title\">\n\t\t\t\t\t\t\tNouvelles dates 2025\t\t\t\t\t\t<\/h3>\n\t\t\t\t\t\n\t\t\t\t\t\n\t\t\t\t\t\t\t\t<\/div>\n\t\t<\/div>\n\t\t<\/div>\n\t\t<\/div>\n\t\t\t\t\t\t<\/div>\n\t\t\t\t<\/div>\n\t\t\t\t\t<\/div>\n\t\t<\/div>\n\t\t\t\t\t<\/div>\n\t\t<\/section>\n\t\t\t\t<section class=\"elementor-section elementor-top-section elementor-element elementor-element-fd623bb elementor-section-content-middle elementor-section-boxed elementor-section-height-default elementor-section-height-default\" data-id=\"fd623bb\" data-element_type=\"section\">\n\t\t\t\t\t\t<div class=\"elementor-container elementor-column-gap-default\">\n\t\t\t\t\t<div class=\"elementor-column elementor-col-33 elementor-top-column elementor-element elementor-element-8e85e38\" data-id=\"8e85e38\" data-element_type=\"column\">\n\t\t\t<div class=\"elementor-widget-wrap elementor-element-populated\">\n\t\t\t\t\t\t<div class=\"elementor-element elementor-element-ec5091a elementor-flip-box--effect-flip elementor-flip-box--direction-up elementor-widget elementor-widget-flip-box\" data-id=\"ec5091a\" data-element_type=\"widget\" data-widget_type=\"flip-box.default\">\n\t\t\t\t<div class=\"elementor-widget-container\">\n\t\t\t\t\t\t\t<div class=\"elementor-flip-box\" tabindex=\"0\">\n\t\t\t<div class=\"elementor-flip-box__layer elementor-flip-box__front\">\n\t\t\t\t<div class=\"elementor-flip-box__layer__overlay\">\n\t\t\t\t\t<div class=\"elementor-flip-box__layer__inner\">\n\t\t\t\t\t\t\n\t\t\t\t\t\t\n\t\t\t\t\t\t\t\t\t\t\t<\/div>\n\t\t\t\t<\/div>\n\t\t\t<\/div>\n\t\t\t<div class=\"elementor-flip-box__layer elementor-flip-box__back\">\n\t\t\t<div class=\"elementor-flip-box__layer__overlay\">\n\t\t\t\t<div class=\"elementor-flip-box__layer__inner\">\n\t\t\t\t\t\n\t\t\t\t\t\n\t\t\t\t\t\t\t\t<\/div>\n\t\t<\/div>\n\t\t<\/div>\n\t\t<\/div>\n\t\t\t\t\t\t<\/div>\n\t\t\t\t<\/div>\n\t\t\t\t\t<\/div>\n\t\t<\/div>\n\t\t\t\t<div class=\"elementor-column elementor-col-33 elementor-top-column elementor-element elementor-element-f802b0c\" data-id=\"f802b0c\" data-element_type=\"column\">\n\t\t\t<div class=\"elementor-widget-wrap\">\n\t\t\t\t\t\t\t<\/div>\n\t\t<\/div>\n\t\t\t\t<div class=\"elementor-column elementor-col-33 elementor-top-column elementor-element elementor-element-8cb2f00\" data-id=\"8cb2f00\" data-element_type=\"column\">\n\t\t\t<div class=\"elementor-widget-wrap elementor-element-populated\">\n\t\t\t\t\t\t<div class=\"elementor-element elementor-element-a9a4e9f elementor-widget elementor-widget-image\" data-id=\"a9a4e9f\" data-element_type=\"widget\" data-widget_type=\"image.default\">\n\t\t\t\t<div class=\"elementor-widget-container\">\n\t\t\t\t\t\t\t\t\t\t\t\t\t\t\t<img fetchpriority=\"high\" decoding=\"async\" width=\"800\" height=\"567\" src=\"https:\/\/alexandrabeltra.fr\/wp-content\/uploads\/2025\/01\/geo-2-1024x726.png\" class=\"attachment-large size-large wp-image-1153\" alt=\"\" srcset=\"https:\/\/alexandrabeltra.fr\/wp-content\/uploads\/2025\/01\/geo-2-1024x726.png 1024w, https:\/\/alexandrabeltra.fr\/wp-content\/uploads\/2025\/01\/geo-2-300x213.png 300w, https:\/\/alexandrabeltra.fr\/wp-content\/uploads\/2025\/01\/geo-2-768x545.png 768w, https:\/\/alexandrabeltra.fr\/wp-content\/uploads\/2025\/01\/geo-2-1536x1090.png 1536w, https:\/\/alexandrabeltra.fr\/wp-content\/uploads\/2025\/01\/geo-2.png 1748w\" sizes=\"(max-width: 800px) 100vw, 800px\" \/>\t\t\t\t\t\t\t\t\t\t\t\t\t\t\t<\/div>\n\t\t\t\t<\/div>\n\t\t\t\t\t<\/div>\n\t\t<\/div>\n\t\t\t\t\t<\/div>\n\t\t<\/section>\n\t\t\t\t<\/div>\n\t\t","protected":false},"excerpt":{"rendered":"<p>Mes Stages Nouvelles dates 2025 Nouvelles dates 2025<\/p>\n","protected":false},"author":1,"featured_media":0,"parent":0,"menu_order":3,"comment_status":"closed","ping_status":"closed","template":"","meta":{"footnotes":""},"class_list":["post-16","page","type-page","status-publish","hentry"],"yoast_head":"<!-- This site is optimized with the Yoast SEO plugin v24.8.1 - https:\/\/yoast.com\/wordpress\/plugins\/seo\/ -->\n<title>Mes Stages - Alexandra Beltra M\u00e9dium \u00e9nerg\u00e9ticienne<\/title>\n<meta name=\"robots\" content=\"index, follow, max-snippet:-1, max-image-preview:large, max-video-preview:-1\" \/>\n<link rel=\"canonical\" href=\"https:\/\/alexandrabeltra.fr\/index.php\/mes-ateliers\/\" \/>\n<meta property=\"og:locale\" content=\"fr_FR\" \/>\n<meta property=\"og:type\" content=\"article\" \/>\n<meta property=\"og:title\" content=\"Mes Stages - Alexandra Beltra M\u00e9dium \u00e9nerg\u00e9ticienne\" \/>\n<meta property=\"og:description\" content=\"Mes Stages Nouvelles dates 2025 Nouvelles dates 2025\" \/>\n<meta property=\"og:url\" content=\"https:\/\/alexandrabeltra.fr\/index.php\/mes-ateliers\/\" \/>\n<meta property=\"og:site_name\" content=\"Alexandra Beltra M\u00e9dium \u00e9nerg\u00e9ticienne\" \/>\n<meta property=\"article:modified_time\" content=\"2025-01-14T14:52:56+00:00\" \/>\n<meta property=\"og:image\" content=\"http:\/\/alexandrabeltra.fr\/wp-content\/uploads\/2025\/01\/geo-2-1024x726.png\" \/>\n<meta name=\"twitter:card\" content=\"summary_large_image\" \/>\n<meta name=\"twitter:label1\" content=\"Dur\u00e9e de lecture estim\u00e9e\" \/>\n\t<meta name=\"twitter:data1\" content=\"1 minute\" \/>\n<script type=\"application\/ld+json\" class=\"yoast-schema-graph\">{\"@context\":\"https:\/\/schema.org\",\"@graph\":[{\"@type\":\"WebPage\",\"@id\":\"https:\/\/alexandrabeltra.fr\/index.php\/mes-ateliers\/\",\"url\":\"https:\/\/alexandrabeltra.fr\/index.php\/mes-ateliers\/\",\"name\":\"Mes Stages - Alexandra Beltra M\u00e9dium \u00e9nerg\u00e9ticienne\",\"isPartOf\":{\"@id\":\"https:\/\/alexandrabeltra.fr\/#website\"},\"primaryImageOfPage\":{\"@id\":\"https:\/\/alexandrabeltra.fr\/index.php\/mes-ateliers\/#primaryimage\"},\"image\":{\"@id\":\"https:\/\/alexandrabeltra.fr\/index.php\/mes-ateliers\/#primaryimage\"},\"thumbnailUrl\":\"http:\/\/alexandrabeltra.fr\/wp-content\/uploads\/2025\/01\/geo-2-1024x726.png\",\"datePublished\":\"2022-02-04T09:11:57+00:00\",\"dateModified\":\"2025-01-14T14:52:56+00:00\",\"breadcrumb\":{\"@id\":\"https:\/\/alexandrabeltra.fr\/index.php\/mes-ateliers\/#breadcrumb\"},\"inLanguage\":\"fr-FR\",\"potentialAction\":[{\"@type\":\"ReadAction\",\"target\":[\"https:\/\/alexandrabeltra.fr\/index.php\/mes-ateliers\/\"]}]},{\"@type\":\"ImageObject\",\"inLanguage\":\"fr-FR\",\"@id\":\"https:\/\/alexandrabeltra.fr\/index.php\/mes-ateliers\/#primaryimage\",\"url\":\"http:\/\/alexandrabeltra.fr\/wp-content\/uploads\/2025\/01\/geo-2-1024x726.png\",\"contentUrl\":\"http:\/\/alexandrabeltra.fr\/wp-content\/uploads\/2025\/01\/geo-2-1024x726.png\"},{\"@type\":\"BreadcrumbList\",\"@id\":\"https:\/\/alexandrabeltra.fr\/index.php\/mes-ateliers\/#breadcrumb\",\"itemListElement\":[{\"@type\":\"ListItem\",\"position\":1,\"name\":\"Accueil\",\"item\":\"https:\/\/alexandrabeltra.fr\/\"},{\"@type\":\"ListItem\",\"position\":2,\"name\":\"Mes Stages\"}]},{\"@type\":\"WebSite\",\"@id\":\"https:\/\/alexandrabeltra.fr\/#website\",\"url\":\"https:\/\/alexandrabeltra.fr\/\",\"name\":\"Alexandra Beltra M\u00e9dium \u00e9nerg\u00e9ticienne\",\"description\":\"\",\"publisher\":{\"@id\":\"https:\/\/alexandrabeltra.fr\/#organization\"},\"potentialAction\":[{\"@type\":\"SearchAction\",\"target\":{\"@type\":\"EntryPoint\",\"urlTemplate\":\"https:\/\/alexandrabeltra.fr\/?s={search_term_string}\"},\"query-input\":{\"@type\":\"PropertyValueSpecification\",\"valueRequired\":true,\"valueName\":\"search_term_string\"}}],\"inLanguage\":\"fr-FR\"},{\"@type\":\"Organization\",\"@id\":\"https:\/\/alexandrabeltra.fr\/#organization\",\"name\":\"Alexandra Beltra M\u00e9dium \u00e9nerg\u00e9ticienne\",\"url\":\"https:\/\/alexandrabeltra.fr\/\",\"logo\":{\"@type\":\"ImageObject\",\"inLanguage\":\"fr-FR\",\"@id\":\"https:\/\/alexandrabeltra.fr\/#\/schema\/logo\/image\/\",\"url\":\"https:\/\/alexandrabeltra.fr\/wp-content\/uploads\/2022\/06\/cropped-Therapeute-Energeticienne-et-Magnetiseuse-6.png\",\"contentUrl\":\"https:\/\/alexandrabeltra.fr\/wp-content\/uploads\/2022\/06\/cropped-Therapeute-Energeticienne-et-Magnetiseuse-6.png\",\"width\":500,\"height\":422,\"caption\":\"Alexandra Beltra M\u00e9dium \u00e9nerg\u00e9ticienne\"},\"image\":{\"@id\":\"https:\/\/alexandrabeltra.fr\/#\/schema\/logo\/image\/\"}}]}<\/script>\n<!-- \/ Yoast SEO plugin. -->","yoast_head_json":{"title":"Mes Stages - Alexandra Beltra M\u00e9dium \u00e9nerg\u00e9ticienne","robots":{"index":"index","follow":"follow","max-snippet":"max-snippet:-1","max-image-preview":"max-image-preview:large","max-video-preview":"max-video-preview:-1"},"canonical":"https:\/\/alexandrabeltra.fr\/index.php\/mes-ateliers\/","og_locale":"fr_FR","og_type":"article","og_title":"Mes Stages - Alexandra Beltra M\u00e9dium \u00e9nerg\u00e9ticienne","og_description":"Mes Stages Nouvelles dates 2025 Nouvelles dates 2025","og_url":"https:\/\/alexandrabeltra.fr\/index.php\/mes-ateliers\/","og_site_name":"Alexandra Beltra M\u00e9dium \u00e9nerg\u00e9ticienne","article_modified_time":"2025-01-14T14:52:56+00:00","og_image":[{"url":"http:\/\/alexandrabeltra.fr\/wp-content\/uploads\/2025\/01\/geo-2-1024x726.png","type":"","width":"","height":""}],"twitter_card":"summary_large_image","twitter_misc":{"Dur\u00e9e de lecture estim\u00e9e":"1 minute"},"schema":{"@context":"https:\/\/schema.org","@graph":[{"@type":"WebPage","@id":"https:\/\/alexandrabeltra.fr\/index.php\/mes-ateliers\/","url":"https:\/\/alexandrabeltra.fr\/index.php\/mes-ateliers\/","name":"Mes Stages - Alexandra Beltra M\u00e9dium \u00e9nerg\u00e9ticienne","isPartOf":{"@id":"https:\/\/alexandrabeltra.fr\/#website"},"primaryImageOfPage":{"@id":"https:\/\/alexandrabeltra.fr\/index.php\/mes-ateliers\/#primaryimage"},"image":{"@id":"https:\/\/alexandrabeltra.fr\/index.php\/mes-ateliers\/#primaryimage"},"thumbnailUrl":"http:\/\/alexandrabeltra.fr\/wp-content\/uploads\/2025\/01\/geo-2-1024x726.png","datePublished":"2022-02-04T09:11:57+00:00","dateModified":"2025-01-14T14:52:56+00:00","breadcrumb":{"@id":"https:\/\/alexandrabeltra.fr\/index.php\/mes-ateliers\/#breadcrumb"},"inLanguage":"fr-FR","potentialAction":[{"@type":"ReadAction","target":["https:\/\/alexandrabeltra.fr\/index.php\/mes-ateliers\/"]}]},{"@type":"ImageObject","inLanguage":"fr-FR","@id":"https:\/\/alexandrabeltra.fr\/index.php\/mes-ateliers\/#primaryimage","url":"http:\/\/alexandrabeltra.fr\/wp-content\/uploads\/2025\/01\/geo-2-1024x726.png","contentUrl":"http:\/\/alexandrabeltra.fr\/wp-content\/uploads\/2025\/01\/geo-2-1024x726.png"},{"@type":"BreadcrumbList","@id":"https:\/\/alexandrabeltra.fr\/index.php\/mes-ateliers\/#breadcrumb","itemListElement":[{"@type":"ListItem","position":1,"name":"Accueil","item":"https:\/\/alexandrabeltra.fr\/"},{"@type":"ListItem","position":2,"name":"Mes Stages"}]},{"@type":"WebSite","@id":"https:\/\/alexandrabeltra.fr\/#website","url":"https:\/\/alexandrabeltra.fr\/","name":"Alexandra Beltra M\u00e9dium \u00e9nerg\u00e9ticienne","description":"","publisher":{"@id":"https:\/\/alexandrabeltra.fr\/#organization"},"potentialAction":[{"@type":"SearchAction","target":{"@type":"EntryPoint","urlTemplate":"https:\/\/alexandrabeltra.fr\/?s={search_term_string}"},"query-input":{"@type":"PropertyValueSpecification","valueRequired":true,"valueName":"search_term_string"}}],"inLanguage":"fr-FR"},{"@type":"Organization","@id":"https:\/\/alexandrabeltra.fr\/#organization","name":"Alexandra Beltra M\u00e9dium \u00e9nerg\u00e9ticienne","url":"https:\/\/alexandrabeltra.fr\/","logo":{"@type":"ImageObject","inLanguage":"fr-FR","@id":"https:\/\/alexandrabeltra.fr\/#\/schema\/logo\/image\/","url":"https:\/\/alexandrabeltra.fr\/wp-content\/uploads\/2022\/06\/cropped-Therapeute-Energeticienne-et-Magnetiseuse-6.png","contentUrl":"https:\/\/alexandrabeltra.fr\/wp-content\/uploads\/2022\/06\/cropped-Therapeute-Energeticienne-et-Magnetiseuse-6.png","width":500,"height":422,"caption":"Alexandra Beltra M\u00e9dium \u00e9nerg\u00e9ticienne"},"image":{"@id":"https:\/\/alexandrabeltra.fr\/#\/schema\/logo\/image\/"}}]}},"_links":{"self":[{"href":"https:\/\/alexandrabeltra.fr\/index.php\/wp-json\/wp\/v2\/pages\/16","targetHints":{"allow":["GET"]}}],"collection":[{"href":"https:\/\/alexandrabeltra.fr\/index.php\/wp-json\/wp\/v2\/pages"}],"about":[{"href":"https:\/\/alexandrabeltra.fr\/index.php\/wp-json\/wp\/v2\/types\/page"}],"author":[{"embeddable":true,"href":"https:\/\/alexandrabeltra.fr\/index.php\/wp-json\/wp\/v2\/users\/1"}],"replies":[{"embeddable":true,"href":"https:\/\/alexandrabeltra.fr\/index.php\/wp-json\/wp\/v2\/comments?post=16"}],"version-history":[{"count":137,"href":"https:\/\/alexandrabeltra.fr\/index.php\/wp-json\/wp\/v2\/pages\/16\/revisions"}],"predecessor-version":[{"id":1190,"href":"https:\/\/alexandrabeltra.fr\/index.php\/wp-json\/wp\/v2\/pages\/16\/revisions\/1190"}],"wp:attachment":[{"href":"https:\/\/alexandrabeltra.fr\/index.php\/wp-json\/wp\/v2\/media?parent=16"}],"curies":[{"name":"wp","href":"https:\/\/api.w.org\/{rel}","templated":true}]}}